{"id":22,"date":"2023-08-09T21:50:28","date_gmt":"2023-08-09T19:50:28","guid":{"rendered":"http:\/\/skjramp.cluster027.hosting.ovh.net\/?page_id=22"},"modified":"2024-02-08T20:17:11","modified_gmt":"2024-02-08T19:17:11","slug":"training-program","status":"publish","type":"page","link":"https:\/\/genesishorsebreeding.com\/fr\/training-program\/","title":{"rendered":"Programme d'entrainement"},"content":{"rendered":"<div data-elementor-type=\"wp-page\" data-elementor-id=\"22\" class=\"elementor elementor-22\" data-elementor-post-type=\"page\">\n\t\t\t\t\t\t<section class=\"elementor-section elementor-top-section elementor-element elementor-element-17406f9a elementor-section-height-min-height elementor-section-boxed elementor-section-height-default elementor-section-items-middle\" data-id=\"17406f9a\" data-element_type=\"section\" data-e-type=\"section\" data-settings=\"{&quot;background_background&quot;:&quot;classic&quot;}\">\n\t\t\t\t\t\t<div class=\"elementor-container elementor-column-gap-default\">\n\t\t\t\t\t<div class=\"elementor-column elementor-col-50 elementor-top-column elementor-element elementor-element-3c4cd2fa\" data-id=\"3c4cd2fa\" data-element_type=\"column\" data-e-type=\"column\">\n\t\t\t<div class=\"elementor-widget-wrap\">\n\t\t\t\t\t\t\t<\/div>\n\t\t<\/div>\n\t\t\t\t<div class=\"elementor-column elementor-col-50 elementor-top-column elementor-element elementor-element-5282b5bc\" data-id=\"5282b5bc\" data-element_type=\"column\" data-e-type=\"column\" data-settings=\"{&quot;background_background&quot;:&quot;classic&quot;}\">\n\t\t\t<div class=\"elementor-widget-wrap elementor-element-populated\">\n\t\t\t\t\t\t<div class=\"elementor-element elementor-element-63eefd2b elementor-widget elementor-widget-heading\" data-id=\"63eefd2b\" data-element_type=\"widget\" data-e-type=\"widget\" data-widget_type=\"heading.default\">\n\t\t\t\t<div class=\"elementor-widget-container\">\n\t\t\t\t\t<h2 class=\"elementor-heading-title elementor-size-default\">Programme d'entrainement<\/h2>\t\t\t\t<\/div>\n\t\t\t\t<\/div>\n\t\t\t\t<div class=\"elementor-element elementor-element-4b85e771 elementor-widget elementor-widget-text-editor\" data-id=\"4b85e771\" data-element_type=\"widget\" data-e-type=\"widget\" data-widget_type=\"text-editor.default\">\n\t\t\t\t<div class=\"elementor-widget-container\">\n\t\t\t\t\t\t\t\t\t<p>Nous savons que les premiers contacts et l'\u00e9ducation d'un cheval fa\u00e7onnent le cours de toute sa carri\u00e8re. C'est pourquoi notre \"Programme de formation\" est con\u00e7u pour \u00e9tablir des bases solides pour l'avenir.<\/p>\t\t\t\t\t\t\t\t<\/div>\n\t\t\t\t<\/div>\n\t\t\t\t\t<\/div>\n\t\t<\/div>\n\t\t\t\t\t<\/div>\n\t\t<\/section>\n\t\t\t\t<section class=\"elementor-section elementor-top-section elementor-element elementor-element-42e9023 elementor-section-boxed elementor-section-height-default elementor-section-height-default\" data-id=\"42e9023\" data-element_type=\"section\" data-e-type=\"section\">\n\t\t\t\t\t\t<div class=\"elementor-container elementor-column-gap-default\">\n\t\t\t\t\t<div class=\"elementor-column elementor-col-100 elementor-top-column elementor-element elementor-element-0c91616\" data-id=\"0c91616\" data-element_type=\"column\" data-e-type=\"column\">\n\t\t\t<div class=\"elementor-widget-wrap elementor-element-populated\">\n\t\t\t\t\t\t<div class=\"elementor-element elementor-element-6966ce4 elementor-widget elementor-widget-heading\" data-id=\"6966ce4\" data-element_type=\"widget\" data-e-type=\"widget\" data-widget_type=\"heading.default\">\n\t\t\t\t<div class=\"elementor-widget-container\">\n\t\t\t\t\t<h2 class=\"elementor-heading-title elementor-size-default\">Que faisons-nous ?<\/h2>\t\t\t\t<\/div>\n\t\t\t\t<\/div>\n\t\t\t\t<div class=\"elementor-element elementor-element-8c1253d elementor-widget elementor-widget-text-editor\" data-id=\"8c1253d\" data-element_type=\"widget\" data-e-type=\"widget\" data-widget_type=\"text-editor.default\">\n\t\t\t\t<div class=\"elementor-widget-container\">\n\t\t\t\t\t\t\t\t\t<p>Le but principal des clients et partenaires de Genesis Horse Breeding est d'atteindre le plus haut niveau. La meilleure g\u00e9n\u00e9tique associ\u00e9e \u00e0 un excellent \u00e9levage vous am\u00e8ne au moment du d\u00e9bourrage et des premiers entra\u00eenements. Cette partie de la formation d\u00e9finira la voie du succ\u00e8s de chaque athl\u00e8te.<\/p><p><strong>Genesis Horse Breeding a d\u00e9cid\u00e9 de travailler en \u00e9troite collaboration avec deux cavaliers partageant les m\u00eames valeurs :\u00a0<\/strong><\/p><ul><li>Bein-\u00eatre des animaux<\/li><li>Prendre le temps qu'il faut (cl\u00e9 du succ\u00e8s)<\/li><li>Travail vari\u00e9\u00a0<\/li><\/ul>\t\t\t\t\t\t\t\t<\/div>\n\t\t\t\t<\/div>\n\t\t\t\t\t<\/div>\n\t\t<\/div>\n\t\t\t\t\t<\/div>\n\t\t<\/section>\n\t\t\t\t<section class=\"elementor-section elementor-top-section elementor-element elementor-element-bac03c1 elementor-section-boxed elementor-section-height-default elementor-section-height-default\" data-id=\"bac03c1\" data-element_type=\"section\" data-e-type=\"section\">\n\t\t\t\t\t\t<div class=\"elementor-container elementor-column-gap-wider\">\n\t\t\t\t\t<div class=\"elementor-column elementor-col-50 elementor-top-column elementor-element elementor-element-8b7c44a\" data-id=\"8b7c44a\" data-element_type=\"column\" data-e-type=\"column\">\n\t\t\t<div class=\"elementor-widget-wrap elementor-element-populated\">\n\t\t\t\t\t\t<div class=\"elementor-element elementor-element-d651ebc elementor-widget elementor-widget-heading\" data-id=\"d651ebc\" data-element_type=\"widget\" data-e-type=\"widget\" data-widget_type=\"heading.default\">\n\t\t\t\t<div class=\"elementor-widget-container\">\n\t\t\t\t\t<h2 class=\"elementor-heading-title elementor-size-default\">Programme d'entrainement avec <br>J\u00e9r\u00e9mie Rolland<\/h2>\t\t\t\t<\/div>\n\t\t\t\t<\/div>\n\t\t\t\t<div class=\"elementor-element elementor-element-fe35254 elementor-widget elementor-widget-video\" data-id=\"fe35254\" data-element_type=\"widget\" data-e-type=\"widget\" data-settings=\"{&quot;youtube_url&quot;:&quot;https:\\\/\\\/youtu.be\\\/sV2uFgBUWqo&quot;,&quot;video_type&quot;:&quot;youtube&quot;,&quot;controls&quot;:&quot;yes&quot;}\" data-widget_type=\"video.default\">\n\t\t\t\t<div class=\"elementor-widget-container\">\n\t\t\t\t\t\t\t<div class=\"elementor-wrapper elementor-open-inline\">\n\t\t\t<div class=\"elementor-video\"><\/div>\t\t<\/div>\n\t\t\t\t\t\t<\/div>\n\t\t\t\t<\/div>\n\t\t\t\t<div class=\"elementor-element elementor-element-38da302 elementor-widget elementor-widget-text-editor\" data-id=\"38da302\" data-element_type=\"widget\" data-e-type=\"widget\" data-widget_type=\"text-editor.default\">\n\t\t\t\t<div class=\"elementor-widget-container\">\n\t\t\t\t\t\t\t\t\t<p>Champion fran\u00e7ais des jeunes chevaux + cavalier de Cheilane de Blondel (finaliste de 6 ans)<\/p><ul><li>140 hectares en Normandie<\/li><li>35 boxes<\/li><li>24 paddocks<\/li><li>Carri\u00e8re de 70mx 40m<\/li><li>Man\u00e8ge de 40m x 20 m<\/li><li>Man\u00e8ge pour le saut en libert\u00e9<\/li><\/ul>\t\t\t\t\t\t\t\t<\/div>\n\t\t\t\t<\/div>\n\t\t\t\t\t<\/div>\n\t\t<\/div>\n\t\t\t\t<div class=\"elementor-column elementor-col-50 elementor-top-column elementor-element elementor-element-005a798\" data-id=\"005a798\" data-element_type=\"column\" data-e-type=\"column\">\n\t\t\t<div class=\"elementor-widget-wrap elementor-element-populated\">\n\t\t\t\t\t\t<div class=\"elementor-element elementor-element-485904e elementor-widget elementor-widget-heading\" data-id=\"485904e\" data-element_type=\"widget\" data-e-type=\"widget\" data-widget_type=\"heading.default\">\n\t\t\t\t<div class=\"elementor-widget-container\">\n\t\t\t\t\t<h2 class=\"elementor-heading-title elementor-size-default\">Programme d'entrainement avec <br>Bruno Garez<\/h2>\t\t\t\t<\/div>\n\t\t\t\t<\/div>\n\t\t\t\t<div class=\"elementor-element elementor-element-1af838a elementor-widget elementor-widget-video\" data-id=\"1af838a\" data-element_type=\"widget\" data-e-type=\"widget\" data-settings=\"{&quot;youtube_url&quot;:&quot;https:\\\/\\\/youtu.be\\\/uwMScQHeCLM&quot;,&quot;video_type&quot;:&quot;youtube&quot;,&quot;controls&quot;:&quot;yes&quot;}\" data-widget_type=\"video.default\">\n\t\t\t\t<div class=\"elementor-widget-container\">\n\t\t\t\t\t\t\t<div class=\"elementor-wrapper elementor-open-inline\">\n\t\t\t<div class=\"elementor-video\"><\/div>\t\t<\/div>\n\t\t\t\t\t\t<\/div>\n\t\t\t\t<\/div>\n\t\t\t\t<div class=\"elementor-element elementor-element-745c264 elementor-widget elementor-widget-text-editor\" data-id=\"745c264\" data-element_type=\"widget\" data-e-type=\"widget\" data-widget_type=\"text-editor.default\">\n\t\t\t\t<div class=\"elementor-widget-container\">\n\t\t\t\t\t\t\t\t\t<p>Cavalier 5* et membre de l'\u00e9quipe de France depuis 20 ans<\/p><ul><li>5 hectares proche de Lyon (Bourgogne)<\/li><li>41 boxes<\/li><li>24 paddocks<\/li><li>Carri\u00e8re de 85m x 65 m<\/li><li>Man\u00e8ge de 40m x 20 m<\/li><li>Man\u00e8ge pour le saut en libert\u00e9<\/li><\/ul>\t\t\t\t\t\t\t\t<\/div>\n\t\t\t\t<\/div>\n\t\t\t\t\t<\/div>\n\t\t<\/div>\n\t\t\t\t\t<\/div>\n\t\t<\/section>\n\t\t\t\t<section class=\"elementor-section elementor-top-section elementor-element elementor-element-8ccb9fe elementor-section-boxed elementor-section-height-default elementor-section-height-default\" data-id=\"8ccb9fe\" data-element_type=\"section\" data-e-type=\"section\">\n\t\t\t\t\t\t<div class=\"elementor-container elementor-column-gap-default\">\n\t\t\t\t\t<div class=\"elementor-column elementor-col-100 elementor-top-column elementor-element elementor-element-cd759bc\" data-id=\"cd759bc\" data-element_type=\"column\" data-e-type=\"column\">\n\t\t\t<div class=\"elementor-widget-wrap elementor-element-populated\">\n\t\t\t\t\t\t<div class=\"elementor-element elementor-element-9170b1a elementor-button-success elementor-align-center elementor-widget elementor-widget-button\" data-id=\"9170b1a\" data-element_type=\"widget\" data-e-type=\"widget\" data-widget_type=\"button.default\">\n\t\t\t\t<div class=\"elementor-widget-container\">\n\t\t\t\t\t\t\t\t\t<div class=\"elementor-button-wrapper\">\n\t\t\t\t\t<a class=\"elementor-button elementor-button-link elementor-size-sm elementor-animation-shrink\" href=\"\/fr\/contact\/\">\n\t\t\t\t\t\t<span class=\"elementor-button-content-wrapper\">\n\t\t\t\t\t\t\t\t\t<span class=\"elementor-button-text\">Contactez-nous pour plus d'informations<\/span>\n\t\t\t\t\t<\/span>\n\t\t\t\t\t<\/a>\n\t\t\t\t<\/div>\n\t\t\t\t\t\t\t\t<\/div>\n\t\t\t\t<\/div>\n\t\t\t\t\t<\/div>\n\t\t<\/div>\n\t\t\t\t\t<\/div>\n\t\t<\/section>\n\t\t\t\t<section class=\"elementor-section elementor-top-section elementor-element elementor-element-05ace55 elementor-section-boxed elementor-section-height-default elementor-section-height-default\" data-id=\"05ace55\" data-element_type=\"section\" data-e-type=\"section\">\n\t\t\t\t\t\t<div class=\"elementor-container elementor-column-gap-default\">\n\t\t\t\t\t<div class=\"elementor-column elementor-col-100 elementor-top-column elementor-element elementor-element-90be7d5\" data-id=\"90be7d5\" data-element_type=\"column\" data-e-type=\"column\">\n\t\t\t<div class=\"elementor-widget-wrap elementor-element-populated\">\n\t\t\t\t\t\t<div class=\"elementor-element elementor-element-8443702 elementor-widget elementor-widget-heading\" data-id=\"8443702\" data-element_type=\"widget\" data-e-type=\"widget\" data-widget_type=\"heading.default\">\n\t\t\t\t<div class=\"elementor-widget-container\">\n\t\t\t\t\t<h2 class=\"elementor-heading-title elementor-size-default\">Les questions les plus pos\u00e9es<\/h2>\t\t\t\t<\/div>\n\t\t\t\t<\/div>\n\t\t\t\t<div class=\"elementor-element elementor-element-2f817a7 elementor-widget elementor-widget-toggle\" data-id=\"2f817a7\" data-element_type=\"widget\" data-e-type=\"widget\" data-widget_type=\"toggle.default\">\n\t\t\t\t<div class=\"elementor-widget-container\">\n\t\t\t\t\t\t\t<div class=\"elementor-toggle\">\n\t\t\t\t\t\t\t<div class=\"elementor-toggle-item\">\n\t\t\t\t\t<div id=\"elementor-tab-title-4981\" class=\"elementor-tab-title\" data-tab=\"1\" role=\"button\" aria-controls=\"elementor-tab-content-4981\" aria-expanded=\"false\">\n\t\t\t\t\t\t\t\t\t\t\t\t<span class=\"elementor-toggle-icon elementor-toggle-icon-left\" aria-hidden=\"true\">\n\t\t\t\t\t\t\t\t\t\t\t\t\t\t\t<span class=\"elementor-toggle-icon-closed\"><i class=\"fas fa-caret-right\"><\/i><\/span>\n\t\t\t\t\t\t\t\t<span class=\"elementor-toggle-icon-opened\"><i class=\"elementor-toggle-icon-opened fas fa-caret-up\"><\/i><\/span>\n\t\t\t\t\t\t\t\t\t\t\t\t\t<\/span>\n\t\t\t\t\t\t\t\t\t\t\t\t<a class=\"elementor-toggle-title\" tabindex=\"0\">Puis-je inscrire mon jeune cheval au \"programme de formation\" juste pour le d\u00e9bourrer ?<\/a>\n\t\t\t\t\t<\/div>\n\n\t\t\t\t\t<div id=\"elementor-tab-content-4981\" class=\"elementor-tab-content elementor-clearfix\" data-tab=\"1\" role=\"region\" aria-labelledby=\"elementor-tab-title-4981\"><p>Nous d\u00e9finissons ensemble vos besoins et objectifs avant que le cheval n'int\u00e8gre le \"programme de formation\". Si vous souhaitez simplement qu'il commence \u00e0 sortir, nous pouvons le faire.<\/p><\/div>\n\t\t\t\t<\/div>\n\t\t\t\t\t\t\t<div class=\"elementor-toggle-item\">\n\t\t\t\t\t<div id=\"elementor-tab-title-4982\" class=\"elementor-tab-title\" data-tab=\"2\" role=\"button\" aria-controls=\"elementor-tab-content-4982\" aria-expanded=\"false\">\n\t\t\t\t\t\t\t\t\t\t\t\t<span class=\"elementor-toggle-icon elementor-toggle-icon-left\" aria-hidden=\"true\">\n\t\t\t\t\t\t\t\t\t\t\t\t\t\t\t<span class=\"elementor-toggle-icon-closed\"><i class=\"fas fa-caret-right\"><\/i><\/span>\n\t\t\t\t\t\t\t\t<span class=\"elementor-toggle-icon-opened\"><i class=\"elementor-toggle-icon-opened fas fa-caret-up\"><\/i><\/span>\n\t\t\t\t\t\t\t\t\t\t\t\t\t<\/span>\n\t\t\t\t\t\t\t\t\t\t\t\t<a class=\"elementor-toggle-title\" tabindex=\"0\">Puis-je venir voir mon cheval aux \u00e9curies ou en comp\u00e9titions?<\/a>\n\t\t\t\t\t<\/div>\n\n\t\t\t\t\t<div id=\"elementor-tab-content-4982\" class=\"elementor-tab-content elementor-clearfix\" data-tab=\"2\" role=\"region\" aria-labelledby=\"elementor-tab-title-4982\"><p>Bien s\u00fbr que vous pouvez ! L'\u00e9quipe de Genesis Horse Breeding viendra plusieurs fois par an pour voir les chevaux \u00e0 domicile et en comp\u00e9tition, mais nous pouvons \u00e9galement organiser votre venue pour que vous puissiez voir l'\u00e9volution de vos chevaux !\u00a0<\/p><\/div>\n\t\t\t\t<\/div>\n\t\t\t\t\t\t\t<div class=\"elementor-toggle-item\">\n\t\t\t\t\t<div id=\"elementor-tab-title-4983\" class=\"elementor-tab-title\" data-tab=\"3\" role=\"button\" aria-controls=\"elementor-tab-content-4983\" aria-expanded=\"false\">\n\t\t\t\t\t\t\t\t\t\t\t\t<span class=\"elementor-toggle-icon elementor-toggle-icon-left\" aria-hidden=\"true\">\n\t\t\t\t\t\t\t\t\t\t\t\t\t\t\t<span class=\"elementor-toggle-icon-closed\"><i class=\"fas fa-caret-right\"><\/i><\/span>\n\t\t\t\t\t\t\t\t<span class=\"elementor-toggle-icon-opened\"><i class=\"elementor-toggle-icon-opened fas fa-caret-up\"><\/i><\/span>\n\t\t\t\t\t\t\t\t\t\t\t\t\t<\/span>\n\t\t\t\t\t\t\t\t\t\t\t\t<a class=\"elementor-toggle-title\" tabindex=\"0\">Est-ce que le cavalier peut garder mon cheval apr\u00e8s la fin du cycle des jeunes chevaux ? <\/a>\n\t\t\t\t\t<\/div>\n\n\t\t\t\t\t<div id=\"elementor-tab-content-4983\" class=\"elementor-tab-content elementor-clearfix\" data-tab=\"3\" role=\"region\" aria-labelledby=\"elementor-tab-title-4983\"><p>Si vous choisissez de travailler avec Bruno Garez, selon le contrat et les accords convenus, votre cheval peut rester apr\u00e8s le cycle des jeunes chevaux. Cette solution n'est pas possible avec J\u00e9r\u00e9mie Rolland.<\/p><\/div>\n\t\t\t\t<\/div>\n\t\t\t\t\t\t\t\t<\/div>\n\t\t\t\t\t\t<\/div>\n\t\t\t\t<\/div>\n\t\t\t\t\t<\/div>\n\t\t<\/div>\n\t\t\t\t\t<\/div>\n\t\t<\/section>\n\t\t\t\t<\/div>","protected":false},"excerpt":{"rendered":"<p>We know that a horse&#8217;s initial contacts and education shape the course of its entire career. That&#8217;s why our &#8220;Training program&#8221; is designed to establish strong foundation for the futur. What we do ? Genesis Horse Breeding&#8217;s clients &amp; partners main goal is to achieve the top level.\u00a0The best genetic coupled with an excellent breeding [&hellip;]<\/p>\n","protected":false},"author":1,"featured_media":0,"parent":0,"menu_order":0,"comment_status":"closed","ping_status":"closed","template":"elementor_header_footer","meta":{"footnotes":""},"class_list":["post-22","page","type-page","status-publish","hentry"],"acf":[],"yoast_head":"<!-- This site is optimized with the Yoast SEO plugin v27.3 - https:\/\/yoast.com\/product\/yoast-seo-wordpress\/ -->\n<title>Training program | Genesis Horse Breeding<\/title>\n<meta name=\"robots\" content=\"index, follow, max-snippet:-1, max-image-preview:large, max-video-preview:-1\" \/>\n<link rel=\"canonical\" href=\"https:\/\/genesishorsebreeding.com\/fr\/training-program\/\" \/>\n<meta property=\"og:locale\" content=\"fr_FR\" \/>\n<meta property=\"og:type\" content=\"article\" \/>\n<meta property=\"og:title\" content=\"Training program | Genesis Horse Breeding\" \/>\n<meta property=\"og:description\" content=\"We know that a horse&#8217;s initial contacts and education shape the course of its entire career. That&#8217;s why our &#8220;Training program&#8221; is designed to establish strong foundation for the futur. What we do ? Genesis Horse Breeding&#8217;s clients &amp; partners main goal is to achieve the top level.\u00a0The best genetic coupled with an excellent breeding [&hellip;]\" \/>\n<meta property=\"og:url\" content=\"https:\/\/genesishorsebreeding.com\/fr\/training-program\/\" \/>\n<meta property=\"og:site_name\" content=\"Genesis Horse Breeding\" \/>\n<meta property=\"article:publisher\" content=\"https:\/\/www.facebook.com\/genesishorsebreeding\" \/>\n<meta property=\"article:modified_time\" content=\"2024-02-08T19:17:11+00:00\" \/>\n<meta property=\"og:image\" content=\"https:\/\/genesishorsebreeding.com\/wp-content\/uploads\/2023\/08\/Genesis-horse-breeding-embryos-best-mare-in-the-world.jpg\" \/>\n\t<meta property=\"og:image:width\" content=\"1200\" \/>\n\t<meta property=\"og:image:height\" content=\"800\" \/>\n\t<meta property=\"og:image:type\" content=\"image\/jpeg\" \/>\n<meta name=\"twitter:card\" content=\"summary_large_image\" \/>\n<meta name=\"twitter:label1\" content=\"Dur\u00e9e de lecture estim\u00e9e\" \/>\n\t<meta name=\"twitter:data1\" content=\"2 minutes\" \/>\n<script type=\"application\/ld+json\" class=\"yoast-schema-graph\">{\"@context\":\"https:\\\/\\\/schema.org\",\"@graph\":[{\"@type\":\"WebPage\",\"@id\":\"https:\\\/\\\/genesishorsebreeding.com\\\/training-program\\\/\",\"url\":\"https:\\\/\\\/genesishorsebreeding.com\\\/training-program\\\/\",\"name\":\"Training program | Genesis Horse Breeding\",\"isPartOf\":{\"@id\":\"https:\\\/\\\/genesishorsebreeding.com\\\/#website\"},\"datePublished\":\"2023-08-09T19:50:28+00:00\",\"dateModified\":\"2024-02-08T19:17:11+00:00\",\"breadcrumb\":{\"@id\":\"https:\\\/\\\/genesishorsebreeding.com\\\/training-program\\\/#breadcrumb\"},\"inLanguage\":\"fr-FR\",\"potentialAction\":[{\"@type\":\"ReadAction\",\"target\":[\"https:\\\/\\\/genesishorsebreeding.com\\\/training-program\\\/\"]}]},{\"@type\":\"BreadcrumbList\",\"@id\":\"https:\\\/\\\/genesishorsebreeding.com\\\/training-program\\\/#breadcrumb\",\"itemListElement\":[{\"@type\":\"ListItem\",\"position\":1,\"name\":\"Accueil\",\"item\":\"https:\\\/\\\/genesishorsebreeding.com\\\/\"},{\"@type\":\"ListItem\",\"position\":2,\"name\":\"Training program\"}]},{\"@type\":\"WebSite\",\"@id\":\"https:\\\/\\\/genesishorsebreeding.com\\\/#website\",\"url\":\"https:\\\/\\\/genesishorsebreeding.com\\\/\",\"name\":\"Genesis Horse Breeding\",\"description\":\"A permanent catalog of implanted embryos out the best mares &amp; genetics in the world\",\"publisher\":{\"@id\":\"https:\\\/\\\/genesishorsebreeding.com\\\/#organization\"},\"potentialAction\":[{\"@type\":\"SearchAction\",\"target\":{\"@type\":\"EntryPoint\",\"urlTemplate\":\"https:\\\/\\\/genesishorsebreeding.com\\\/?s={search_term_string}\"},\"query-input\":{\"@type\":\"PropertyValueSpecification\",\"valueRequired\":true,\"valueName\":\"search_term_string\"}}],\"inLanguage\":\"fr-FR\"},{\"@type\":\"Organization\",\"@id\":\"https:\\\/\\\/genesishorsebreeding.com\\\/#organization\",\"name\":\"Genesis Horse Breeding\",\"url\":\"https:\\\/\\\/genesishorsebreeding.com\\\/\",\"logo\":{\"@type\":\"ImageObject\",\"inLanguage\":\"fr-FR\",\"@id\":\"https:\\\/\\\/genesishorsebreeding.com\\\/#\\\/schema\\\/logo\\\/image\\\/\",\"url\":\"https:\\\/\\\/genesishorsebreeding.com\\\/wp-content\\\/uploads\\\/2023\\\/08\\\/Genesis-Horse-Breeding-embryos-white-logo.png\",\"contentUrl\":\"https:\\\/\\\/genesishorsebreeding.com\\\/wp-content\\\/uploads\\\/2023\\\/08\\\/Genesis-Horse-Breeding-embryos-white-logo.png\",\"width\":807,\"height\":217,\"caption\":\"Genesis Horse Breeding\"},\"image\":{\"@id\":\"https:\\\/\\\/genesishorsebreeding.com\\\/#\\\/schema\\\/logo\\\/image\\\/\"},\"sameAs\":[\"https:\\\/\\\/www.facebook.com\\\/genesishorsebreeding\",\"https:\\\/\\\/www.instagram.com\\\/genesishorsebreeding\\\/\",\"https:\\\/\\\/www.linkedin.com\\\/company\\\/genesis-horse-breeding\"]}]}<\/script>\n<!-- \/ Yoast SEO plugin. -->","yoast_head_json":{"title":"Training program | Genesis Horse Breeding","robots":{"index":"index","follow":"follow","max-snippet":"max-snippet:-1","max-image-preview":"max-image-preview:large","max-video-preview":"max-video-preview:-1"},"canonical":"https:\/\/genesishorsebreeding.com\/fr\/training-program\/","og_locale":"fr_FR","og_type":"article","og_title":"Training program | Genesis Horse Breeding","og_description":"We know that a horse&#8217;s initial contacts and education shape the course of its entire career. That&#8217;s why our &#8220;Training program&#8221; is designed to establish strong foundation for the futur. What we do ? Genesis Horse Breeding&#8217;s clients &amp; partners main goal is to achieve the top level.\u00a0The best genetic coupled with an excellent breeding [&hellip;]","og_url":"https:\/\/genesishorsebreeding.com\/fr\/training-program\/","og_site_name":"Genesis Horse Breeding","article_publisher":"https:\/\/www.facebook.com\/genesishorsebreeding","article_modified_time":"2024-02-08T19:17:11+00:00","og_image":[{"width":1200,"height":800,"url":"https:\/\/genesishorsebreeding.com\/wp-content\/uploads\/2023\/08\/Genesis-horse-breeding-embryos-best-mare-in-the-world.jpg","type":"image\/jpeg"}],"twitter_card":"summary_large_image","twitter_misc":{"Dur\u00e9e de lecture estim\u00e9e":"2 minutes"},"schema":{"@context":"https:\/\/schema.org","@graph":[{"@type":"WebPage","@id":"https:\/\/genesishorsebreeding.com\/training-program\/","url":"https:\/\/genesishorsebreeding.com\/training-program\/","name":"Training program | Genesis Horse Breeding","isPartOf":{"@id":"https:\/\/genesishorsebreeding.com\/#website"},"datePublished":"2023-08-09T19:50:28+00:00","dateModified":"2024-02-08T19:17:11+00:00","breadcrumb":{"@id":"https:\/\/genesishorsebreeding.com\/training-program\/#breadcrumb"},"inLanguage":"fr-FR","potentialAction":[{"@type":"ReadAction","target":["https:\/\/genesishorsebreeding.com\/training-program\/"]}]},{"@type":"BreadcrumbList","@id":"https:\/\/genesishorsebreeding.com\/training-program\/#breadcrumb","itemListElement":[{"@type":"ListItem","position":1,"name":"Accueil","item":"https:\/\/genesishorsebreeding.com\/"},{"@type":"ListItem","position":2,"name":"Training program"}]},{"@type":"WebSite","@id":"https:\/\/genesishorsebreeding.com\/#website","url":"https:\/\/genesishorsebreeding.com\/","name":"Genesis Horse Breeding","description":"A permanent catalog of implanted embryos out the best mares &amp; genetics in the world","publisher":{"@id":"https:\/\/genesishorsebreeding.com\/#organization"},"potentialAction":[{"@type":"SearchAction","target":{"@type":"EntryPoint","urlTemplate":"https:\/\/genesishorsebreeding.com\/?s={search_term_string}"},"query-input":{"@type":"PropertyValueSpecification","valueRequired":true,"valueName":"search_term_string"}}],"inLanguage":"fr-FR"},{"@type":"Organization","@id":"https:\/\/genesishorsebreeding.com\/#organization","name":"Genesis Horse Breeding","url":"https:\/\/genesishorsebreeding.com\/","logo":{"@type":"ImageObject","inLanguage":"fr-FR","@id":"https:\/\/genesishorsebreeding.com\/#\/schema\/logo\/image\/","url":"https:\/\/genesishorsebreeding.com\/wp-content\/uploads\/2023\/08\/Genesis-Horse-Breeding-embryos-white-logo.png","contentUrl":"https:\/\/genesishorsebreeding.com\/wp-content\/uploads\/2023\/08\/Genesis-Horse-Breeding-embryos-white-logo.png","width":807,"height":217,"caption":"Genesis Horse Breeding"},"image":{"@id":"https:\/\/genesishorsebreeding.com\/#\/schema\/logo\/image\/"},"sameAs":["https:\/\/www.facebook.com\/genesishorsebreeding","https:\/\/www.instagram.com\/genesishorsebreeding\/","https:\/\/www.linkedin.com\/company\/genesis-horse-breeding"]}]}},"_links":{"self":[{"href":"https:\/\/genesishorsebreeding.com\/fr\/wp-json\/wp\/v2\/pages\/22","targetHints":{"allow":["GET"]}}],"collection":[{"href":"https:\/\/genesishorsebreeding.com\/fr\/wp-json\/wp\/v2\/pages"}],"about":[{"href":"https:\/\/genesishorsebreeding.com\/fr\/wp-json\/wp\/v2\/types\/page"}],"author":[{"embeddable":true,"href":"https:\/\/genesishorsebreeding.com\/fr\/wp-json\/wp\/v2\/users\/1"}],"replies":[{"embeddable":true,"href":"https:\/\/genesishorsebreeding.com\/fr\/wp-json\/wp\/v2\/comments?post=22"}],"version-history":[{"count":31,"href":"https:\/\/genesishorsebreeding.com\/fr\/wp-json\/wp\/v2\/pages\/22\/revisions"}],"predecessor-version":[{"id":1668,"href":"https:\/\/genesishorsebreeding.com\/fr\/wp-json\/wp\/v2\/pages\/22\/revisions\/1668"}],"wp:attachment":[{"href":"https:\/\/genesishorsebreeding.com\/fr\/wp-json\/wp\/v2\/media?parent=22"}],"curies":[{"name":"wp","href":"https:\/\/api.w.org\/{rel}","templated":true}]}}