{"id":28,"date":"2023-08-09T21:54:29","date_gmt":"2023-08-09T19:54:29","guid":{"rendered":"http:\/\/skjramp.cluster027.hosting.ovh.net\/?page_id=28"},"modified":"2024-11-08T17:07:59","modified_gmt":"2024-11-08T16:07:59","slug":"blog","status":"publish","type":"page","link":"https:\/\/genesishorsebreeding.com\/fr\/blog\/","title":{"rendered":"Actualit\u00e9s"},"content":{"rendered":"<div data-elementor-type=\"wp-page\" data-elementor-id=\"28\" class=\"elementor elementor-28\" data-elementor-post-type=\"page\">\n\t\t\t\t\t\t<section class=\"elementor-section elementor-top-section elementor-element elementor-element-25afb121 elementor-section-height-min-height elementor-section-boxed elementor-section-height-default elementor-section-items-middle\" data-id=\"25afb121\" data-element_type=\"section\" data-e-type=\"section\" data-settings=\"{&quot;background_background&quot;:&quot;classic&quot;}\">\n\t\t\t\t\t\t<div class=\"elementor-container elementor-column-gap-default\">\n\t\t\t\t\t<div class=\"elementor-column elementor-col-50 elementor-top-column elementor-element elementor-element-5939cf52\" data-id=\"5939cf52\" data-element_type=\"column\" data-e-type=\"column\">\n\t\t\t<div class=\"elementor-widget-wrap\">\n\t\t\t\t\t\t\t<\/div>\n\t\t<\/div>\n\t\t\t\t<div class=\"elementor-column elementor-col-50 elementor-top-column elementor-element elementor-element-361e758f\" data-id=\"361e758f\" data-element_type=\"column\" data-e-type=\"column\" data-settings=\"{&quot;background_background&quot;:&quot;classic&quot;}\">\n\t\t\t<div class=\"elementor-widget-wrap elementor-element-populated\">\n\t\t\t\t\t\t<div class=\"elementor-element elementor-element-4ea16ed3 elementor-widget elementor-widget-heading\" data-id=\"4ea16ed3\" data-element_type=\"widget\" data-e-type=\"widget\" data-widget_type=\"heading.default\">\n\t\t\t\t<div class=\"elementor-widget-container\">\n\t\t\t\t\t<h1 class=\"elementor-heading-title elementor-size-default\">Actualit\u00e9s<\/h1>\t\t\t\t<\/div>\n\t\t\t\t<\/div>\n\t\t\t\t<div class=\"elementor-element elementor-element-217f35b1 elementor-widget elementor-widget-text-editor\" data-id=\"217f35b1\" data-element_type=\"widget\" data-e-type=\"widget\" data-widget_type=\"text-editor.default\">\n\t\t\t\t<div class=\"elementor-widget-container\">\n\t\t\t\t\t\t\t\t\t<p>Bienvenue dans notre section blog! Ici, vous trouverez les derni\u00e8res informations, conseils et nouvelles passionnantes li\u00e9es \u00e0 l'\u00e9levage et aux lign\u00e9es.<\/p>\t\t\t\t\t\t\t\t<\/div>\n\t\t\t\t<\/div>\n\t\t\t\t\t<\/div>\n\t\t<\/div>\n\t\t\t\t\t<\/div>\n\t\t<\/section>\n\t\t\t\t<section class=\"elementor-section elementor-top-section elementor-element elementor-element-9371406 elementor-section-boxed elementor-section-height-default elementor-section-height-default\" data-id=\"9371406\" data-element_type=\"section\" data-e-type=\"section\">\n\t\t\t\t\t\t<div class=\"elementor-container elementor-column-gap-default\">\n\t\t\t\t\t<div class=\"elementor-column elementor-col-100 elementor-top-column elementor-element elementor-element-adcb0ac\" data-id=\"adcb0ac\" data-element_type=\"column\" data-e-type=\"column\">\n\t\t\t<div class=\"elementor-widget-wrap elementor-element-populated\">\n\t\t\t\t\t\t<div class=\"elementor-element elementor-element-5f1d040 elementor-grid-3 elementor-grid-tablet-2 elementor-grid-mobile-1 elementor-posts--thumbnail-top elementor-card-shadow-yes elementor-posts__hover-gradient elementor-widget elementor-widget-posts\" data-id=\"5f1d040\" data-element_type=\"widget\" data-e-type=\"widget\" data-settings=\"{&quot;cards_columns&quot;:&quot;3&quot;,&quot;cards_columns_tablet&quot;:&quot;2&quot;,&quot;cards_columns_mobile&quot;:&quot;1&quot;,&quot;cards_row_gap&quot;:{&quot;unit&quot;:&quot;px&quot;,&quot;size&quot;:35,&quot;sizes&quot;:[]},&quot;cards_row_gap_tablet&quot;:{&quot;unit&quot;:&quot;px&quot;,&quot;size&quot;:&quot;&quot;,&quot;sizes&quot;:[]},&quot;cards_row_gap_mobile&quot;:{&quot;unit&quot;:&quot;px&quot;,&quot;size&quot;:&quot;&quot;,&quot;sizes&quot;:[]}}\" data-widget_type=\"posts.cards\">\n\t\t\t\t<div class=\"elementor-widget-container\">\n\t\t\t\t\t\t\t<div class=\"elementor-posts-container elementor-posts elementor-posts--skin-cards elementor-grid\" role=\"list\">\n\t\t\t\t<article class=\"elementor-post elementor-grid-item post-4237 post type-post status-publish format-standard has-post-thumbnail hentry category-infos\" role=\"listitem\">\n\t\t\t<div class=\"elementor-post__card\">\n\t\t\t\t<a class=\"elementor-post__thumbnail__link\" href=\"https:\/\/genesishorsebreeding.com\/fr\/can-the-performance-of-a-horse-from-an-embryo-be-guaranteed\/\" tabindex=\"-1\" ><div class=\"elementor-post__thumbnail\"><img fetchpriority=\"high\" decoding=\"async\" width=\"600\" height=\"400\" src=\"https:\/\/genesishorsebreeding.com\/wp-content\/uploads\/2024\/03\/genesis-horse-breeding_deville-2.jpg\" class=\"attachment-full size-full wp-image-2143\" alt=\"\" srcset=\"https:\/\/genesishorsebreeding.com\/wp-content\/uploads\/2024\/03\/genesis-horse-breeding_deville-2.jpg 600w, https:\/\/genesishorsebreeding.com\/wp-content\/uploads\/2024\/03\/genesis-horse-breeding_deville-2-300x200.jpg 300w, https:\/\/genesishorsebreeding.com\/wp-content\/uploads\/2024\/03\/genesis-horse-breeding_deville-2-18x12.jpg 18w\" sizes=\"(max-width: 600px) 100vw, 600px\" \/><\/div><\/a>\n\t\t\t\t<div class=\"elementor-post__badge\">Infos<\/div>\n\t\t\t\t<div class=\"elementor-post__text\">\n\t\t\t\t<h2 class=\"elementor-post__title\">\n\t\t\t<a href=\"https:\/\/genesishorsebreeding.com\/fr\/can-the-performance-of-a-horse-from-an-embryo-be-guaranteed\/\" >\n\t\t\t\tLa performance d\u2019un cheval issu d\u2019un embryon peut-elle \u00eatre garantie ?\t\t\t<\/a>\n\t\t<\/h2>\n\t\t\t\t<div class=\"elementor-post__excerpt\">\n\t\t\t<p>Acheter un embryon \u00e9quin est souvent per\u00e7u comme un raccourci vers l\u2019excellence. Lorsqu\u2019on s\u00e9lectionne une lign\u00e9e de haut niveau, il est tentant de croire que la performance est \u00ab dans les g\u00e8nes \u00bb.<\/p>\n\t\t<\/div>\n\t\t\n\t\t<a class=\"elementor-post__read-more\" href=\"https:\/\/genesishorsebreeding.com\/fr\/can-the-performance-of-a-horse-from-an-embryo-be-guaranteed\/\" aria-label=\"En savoir plus sur Can the performance of a horse from an embryo be guaranteed?\" tabindex=\"-1\" >\n\t\t\tLire plus &gt;&gt;\t\t<\/a>\n\n\t\t\t\t<\/div>\n\t\t\t\t<div class=\"elementor-post__meta-data\">\n\t\t\t\t\t<span class=\"elementor-post-date\">\n\t\t\t17 novembre 2023\t\t<\/span>\n\t\t\t\t<span class=\"elementor-post-avatar\">\n\t\t\tAucun commentaire\t\t<\/span>\n\t\t\t\t<\/div>\n\t\t\t\t\t<\/div>\n\t\t<\/article>\n\t\t\t\t<article class=\"elementor-post elementor-grid-item post-4205 post type-post status-publish format-standard has-post-thumbnail hentry category-infos\" role=\"listitem\">\n\t\t\t<div class=\"elementor-post__card\">\n\t\t\t\t<a class=\"elementor-post__thumbnail__link\" href=\"https:\/\/genesishorsebreeding.com\/fr\/common-mistakes-to-avoid-when-buying-equine-embryos\/\" tabindex=\"-1\" ><div class=\"elementor-post__thumbnail\"><img decoding=\"async\" width=\"1500\" height=\"1000\" src=\"https:\/\/genesishorsebreeding.com\/wp-content\/uploads\/2023\/11\/genesis_horse_breeding_implanted_embryos_horse-1.jpg\" class=\"attachment-full size-full wp-image-1105\" alt=\"Genesis Horse Breeding - Jeremie Rolland\" srcset=\"https:\/\/genesishorsebreeding.com\/wp-content\/uploads\/2023\/11\/genesis_horse_breeding_implanted_embryos_horse-1.jpg 1500w, https:\/\/genesishorsebreeding.com\/wp-content\/uploads\/2023\/11\/genesis_horse_breeding_implanted_embryos_horse-1-300x200.jpg 300w, https:\/\/genesishorsebreeding.com\/wp-content\/uploads\/2023\/11\/genesis_horse_breeding_implanted_embryos_horse-1-1024x683.jpg 1024w, https:\/\/genesishorsebreeding.com\/wp-content\/uploads\/2023\/11\/genesis_horse_breeding_implanted_embryos_horse-1-768x512.jpg 768w\" sizes=\"(max-width: 1500px) 100vw, 1500px\" \/><\/div><\/a>\n\t\t\t\t<div class=\"elementor-post__badge\">Infos<\/div>\n\t\t\t\t<div class=\"elementor-post__text\">\n\t\t\t\t<h2 class=\"elementor-post__title\">\n\t\t\t<a href=\"https:\/\/genesishorsebreeding.com\/fr\/common-mistakes-to-avoid-when-buying-equine-embryos\/\" >\n\t\t\t\tErreurs courantes \u00e0 \u00e9viter lors de l\u2019achat d\u2019embryons \u00e9quins\t\t\t<\/a>\n\t\t<\/h2>\n\t\t\t\t<div class=\"elementor-post__excerpt\">\n\t\t\t<p>L\u2019achat d\u2019un embryon \u00e9quin est l\u2019une des fa\u00e7ons les plus directes d\u2019acc\u00e9der \u00e0 la g\u00e9n\u00e9tique de haut niveau, en particulier dans des disciplines comme le saut d\u2019obstacles. Il s\u2019agit d\u2019une occasion exceptionnelle<\/p>\n\t\t<\/div>\n\t\t\n\t\t<a class=\"elementor-post__read-more\" href=\"https:\/\/genesishorsebreeding.com\/fr\/common-mistakes-to-avoid-when-buying-equine-embryos\/\" aria-label=\"En savoir plus sur Common mistakes to avoid when buying equine embryos\" tabindex=\"-1\" >\n\t\t\tLire plus &gt;&gt;\t\t<\/a>\n\n\t\t\t\t<\/div>\n\t\t\t\t<div class=\"elementor-post__meta-data\">\n\t\t\t\t\t<span class=\"elementor-post-date\">\n\t\t\t17 juillet 2023\t\t<\/span>\n\t\t\t\t<span class=\"elementor-post-avatar\">\n\t\t\tAucun commentaire\t\t<\/span>\n\t\t\t\t<\/div>\n\t\t\t\t\t<\/div>\n\t\t<\/article>\n\t\t\t\t<article class=\"elementor-post elementor-grid-item post-4198 post type-post status-publish format-standard has-post-thumbnail hentry category-infos\" role=\"listitem\">\n\t\t\t<div class=\"elementor-post__card\">\n\t\t\t\t<a class=\"elementor-post__thumbnail__link\" href=\"https:\/\/genesishorsebreeding.com\/fr\/how-to-choose-a-recipient-mare-for-embryo-transfer-key-criteria-care-and-insurance\/\" tabindex=\"-1\" ><div class=\"elementor-post__thumbnail\"><img decoding=\"async\" width=\"2560\" height=\"1707\" src=\"https:\/\/genesishorsebreeding.com\/wp-content\/uploads\/2023\/11\/genesis_horse_breeding_enjoy_vant_meulenhof_fragance_de_chalus-1-scaled.jpg\" class=\"attachment-full size-full wp-image-775\" alt=\"Enjoy Van&#039;t Meulenhof\" srcset=\"https:\/\/genesishorsebreeding.com\/wp-content\/uploads\/2023\/11\/genesis_horse_breeding_enjoy_vant_meulenhof_fragance_de_chalus-1-scaled.jpg 2560w, https:\/\/genesishorsebreeding.com\/wp-content\/uploads\/2023\/11\/genesis_horse_breeding_enjoy_vant_meulenhof_fragance_de_chalus-1-300x200.jpg 300w, https:\/\/genesishorsebreeding.com\/wp-content\/uploads\/2023\/11\/genesis_horse_breeding_enjoy_vant_meulenhof_fragance_de_chalus-1-1024x683.jpg 1024w, https:\/\/genesishorsebreeding.com\/wp-content\/uploads\/2023\/11\/genesis_horse_breeding_enjoy_vant_meulenhof_fragance_de_chalus-1-768x512.jpg 768w, https:\/\/genesishorsebreeding.com\/wp-content\/uploads\/2023\/11\/genesis_horse_breeding_enjoy_vant_meulenhof_fragance_de_chalus-1-1536x1024.jpg 1536w, https:\/\/genesishorsebreeding.com\/wp-content\/uploads\/2023\/11\/genesis_horse_breeding_enjoy_vant_meulenhof_fragance_de_chalus-1-2048x1365.jpg 2048w\" sizes=\"(max-width: 2560px) 100vw, 2560px\" \/><\/div><\/a>\n\t\t\t\t<div class=\"elementor-post__badge\">Infos<\/div>\n\t\t\t\t<div class=\"elementor-post__text\">\n\t\t\t\t<h2 class=\"elementor-post__title\">\n\t\t\t<a href=\"https:\/\/genesishorsebreeding.com\/fr\/how-to-choose-a-recipient-mare-for-embryo-transfer-key-criteria-care-and-insurance\/\" >\n\t\t\t\tComment choisir une jument receveuse pour le transfert d\u2019embryon\u00a0: crit\u00e8res cl\u00e9s, soins et assurance\t\t\t<\/a>\n\t\t<\/h2>\n\t\t\t\t<div class=\"elementor-post__excerpt\">\n\t\t\t<p>L\u2019utilisation d\u2019une jument porteuse est devenue un \u00e9l\u00e9ment fondamental des programmes de s\u00e9lection \u00e9quine de haut niveau, que ce soit par transfert embryonnaire traditionnel ou implantation apr\u00e8s ICSI (Intracytoplasmic Sperm<\/p>\n\t\t<\/div>\n\t\t\n\t\t<a class=\"elementor-post__read-more\" href=\"https:\/\/genesishorsebreeding.com\/fr\/how-to-choose-a-recipient-mare-for-embryo-transfer-key-criteria-care-and-insurance\/\" aria-label=\"En savoir plus sur How to choose a recipient mare for Embryo Transfer: key criteria, care, and insurance\" tabindex=\"-1\" >\n\t\t\tLire plus &gt;&gt;\t\t<\/a>\n\n\t\t\t\t<\/div>\n\t\t\t\t<div class=\"elementor-post__meta-data\">\n\t\t\t\t\t<span class=\"elementor-post-date\">\n\t\t\t9 mars 2023\t\t<\/span>\n\t\t\t\t<span class=\"elementor-post-avatar\">\n\t\t\tAucun commentaire\t\t<\/span>\n\t\t\t\t<\/div>\n\t\t\t\t\t<\/div>\n\t\t<\/article>\n\t\t\t\t<article class=\"elementor-post elementor-grid-item post-4190 post type-post status-publish format-standard has-post-thumbnail hentry category-infos\" role=\"listitem\">\n\t\t\t<div class=\"elementor-post__card\">\n\t\t\t\t<a class=\"elementor-post__thumbnail__link\" href=\"https:\/\/genesishorsebreeding.com\/fr\/understanding-the-foundations-of-modern-equine-reproduction\/\" tabindex=\"-1\" ><div class=\"elementor-post__thumbnail\"><img loading=\"lazy\" decoding=\"async\" width=\"1500\" height=\"1000\" src=\"https:\/\/genesishorsebreeding.com\/wp-content\/uploads\/2024\/09\/genesis_horse_breeding_foal-for-sale_ogrion-des-champs-x-calgot-verdi-1.jpg\" class=\"attachment-full size-full wp-image-3655\" alt=\"\" srcset=\"https:\/\/genesishorsebreeding.com\/wp-content\/uploads\/2024\/09\/genesis_horse_breeding_foal-for-sale_ogrion-des-champs-x-calgot-verdi-1.jpg 1500w, https:\/\/genesishorsebreeding.com\/wp-content\/uploads\/2024\/09\/genesis_horse_breeding_foal-for-sale_ogrion-des-champs-x-calgot-verdi-1-300x200.jpg 300w, https:\/\/genesishorsebreeding.com\/wp-content\/uploads\/2024\/09\/genesis_horse_breeding_foal-for-sale_ogrion-des-champs-x-calgot-verdi-1-1024x683.jpg 1024w, https:\/\/genesishorsebreeding.com\/wp-content\/uploads\/2024\/09\/genesis_horse_breeding_foal-for-sale_ogrion-des-champs-x-calgot-verdi-1-768x512.jpg 768w, https:\/\/genesishorsebreeding.com\/wp-content\/uploads\/2024\/09\/genesis_horse_breeding_foal-for-sale_ogrion-des-champs-x-calgot-verdi-1-18x12.jpg 18w\" sizes=\"(max-width: 1500px) 100vw, 1500px\" \/><\/div><\/a>\n\t\t\t\t<div class=\"elementor-post__badge\">Infos<\/div>\n\t\t\t\t<div class=\"elementor-post__text\">\n\t\t\t\t<h2 class=\"elementor-post__title\">\n\t\t\t<a href=\"https:\/\/genesishorsebreeding.com\/fr\/understanding-the-foundations-of-modern-equine-reproduction\/\" >\n\t\t\t\tComprendre les bases de la reproduction \u00e9quine moderne\t\t\t<\/a>\n\t\t<\/h2>\n\t\t\t\t<div class=\"elementor-post__excerpt\">\n\t\t\t<p>Dans le monde tr\u00e8s concurrentiel du saut d\u2019obstacles, l\u2019excellence athl\u00e9tique ne commence plus sur le terrain elle commence bien avant, \u00e0 la conception. Au cours des derni\u00e8res d\u00e9cennies, les<\/p>\n\t\t<\/div>\n\t\t\n\t\t<a class=\"elementor-post__read-more\" href=\"https:\/\/genesishorsebreeding.com\/fr\/understanding-the-foundations-of-modern-equine-reproduction\/\" aria-label=\"En savoir plus sur Understanding the foundations of modern equine reproduction\" tabindex=\"-1\" >\n\t\t\tLire plus &gt;&gt;\t\t<\/a>\n\n\t\t\t\t<\/div>\n\t\t\t\t<div class=\"elementor-post__meta-data\">\n\t\t\t\t\t<span class=\"elementor-post-date\">\n\t\t\t1 janvier 2023\t\t<\/span>\n\t\t\t\t<span class=\"elementor-post-avatar\">\n\t\t\tAucun commentaire\t\t<\/span>\n\t\t\t\t<\/div>\n\t\t\t\t\t<\/div>\n\t\t<\/article>\n\t\t\t\t<article class=\"elementor-post elementor-grid-item post-671 post type-post status-publish format-standard has-post-thumbnail hentry category-infos\" role=\"listitem\">\n\t\t\t<div class=\"elementor-post__card\">\n\t\t\t\t<a class=\"elementor-post__thumbnail__link\" href=\"https:\/\/genesishorsebreeding.com\/fr\/genesis-horse-breeding-launch\/\" tabindex=\"-1\" ><div class=\"elementor-post__thumbnail\"><img loading=\"lazy\" decoding=\"async\" width=\"1500\" height=\"1000\" src=\"https:\/\/genesishorsebreeding.com\/wp-content\/uploads\/2023\/10\/1J0A0702-2.jpg\" class=\"attachment-full size-full wp-image-276\" alt=\"\" srcset=\"https:\/\/genesishorsebreeding.com\/wp-content\/uploads\/2023\/10\/1J0A0702-2.jpg 1500w, https:\/\/genesishorsebreeding.com\/wp-content\/uploads\/2023\/10\/1J0A0702-2-300x200.jpg 300w, https:\/\/genesishorsebreeding.com\/wp-content\/uploads\/2023\/10\/1J0A0702-2-1024x683.jpg 1024w, https:\/\/genesishorsebreeding.com\/wp-content\/uploads\/2023\/10\/1J0A0702-2-768x512.jpg 768w\" sizes=\"(max-width: 1500px) 100vw, 1500px\" \/><\/div><\/a>\n\t\t\t\t<div class=\"elementor-post__badge\">Infos<\/div>\n\t\t\t\t<div class=\"elementor-post__text\">\n\t\t\t\t<h2 class=\"elementor-post__title\">\n\t\t\t<a href=\"https:\/\/genesishorsebreeding.com\/fr\/genesis-horse-breeding-launch\/\" >\n\t\t\t\tLancement de Genesis Horse breeding !\t\t\t<\/a>\n\t\t<\/h2>\n\t\t\t\t<div class=\"elementor-post__excerpt\">\n\t\t\t<p>Un nouvel acteur sur le march\u00e9 de la s\u00e9lection et de la vente d\u2019une g\u00e9n\u00e9tique sportive de haut niveau, Genesis Horse Breeding donne acc\u00e8s \u00e0 un catalogue permanent<\/p>\n\t\t<\/div>\n\t\t\n\t\t<a class=\"elementor-post__read-more\" href=\"https:\/\/genesishorsebreeding.com\/fr\/genesis-horse-breeding-launch\/\" aria-label=\"En savoir plus sur Genesis Horse breeding launch !\" tabindex=\"-1\" >\n\t\t\tLire plus &gt;&gt;\t\t<\/a>\n\n\t\t\t\t<\/div>\n\t\t\t\t<div class=\"elementor-post__meta-data\">\n\t\t\t\t\t<span class=\"elementor-post-date\">\n\t\t\t11 ao\u00fbt 2022\t\t<\/span>\n\t\t\t\t<span class=\"elementor-post-avatar\">\n\t\t\tAucun commentaire\t\t<\/span>\n\t\t\t\t<\/div>\n\t\t\t\t\t<\/div>\n\t\t<\/article>\n\t\t\t\t<\/div>\n\t\t\n\t\t\t\t\t\t<\/div>\n\t\t\t\t<\/div>\n\t\t\t\t\t<\/div>\n\t\t<\/div>\n\t\t\t\t\t<\/div>\n\t\t<\/section>\n\t\t\t\t<\/div>","protected":false},"excerpt":{"rendered":"<p>Bienvenue dans notre section blog! Ici, vous trouverez les derni\u00e8res informations, conseils et nouvelles passionnantes li\u00e9es \u00e0 l'\u00e9levage et aux lign\u00e9es.<\/p>","protected":false},"author":1,"featured_media":0,"parent":0,"menu_order":0,"comment_status":"closed","ping_status":"closed","template":"elementor_header_footer","meta":{"footnotes":""},"class_list":["post-28","page","type-page","status-publish","hentry"],"acf":[],"yoast_head":"<!-- This site is optimized with the Yoast SEO plugin v27.4 - https:\/\/yoast.com\/product\/yoast-seo-wordpress\/ -->\n<title>News | Genesis Horse Breeding<\/title>\n<meta name=\"robots\" content=\"index, follow, max-snippet:-1, max-image-preview:large, max-video-preview:-1\" \/>\n<link rel=\"canonical\" href=\"https:\/\/genesishorsebreeding.com\/fr\/blog\/\" \/>\n<meta property=\"og:locale\" content=\"fr_FR\" \/>\n<meta property=\"og:type\" content=\"article\" \/>\n<meta property=\"og:title\" content=\"News | Genesis Horse Breeding\" \/>\n<meta property=\"og:description\" content=\"Welcome to our blog section! Here, you will find the latest information, advice, and exciting news related to breeding and damlines.\" \/>\n<meta property=\"og:url\" content=\"https:\/\/genesishorsebreeding.com\/fr\/blog\/\" \/>\n<meta property=\"og:site_name\" content=\"Genesis Horse Breeding\" \/>\n<meta property=\"article:publisher\" content=\"https:\/\/www.facebook.com\/genesishorsebreeding\" \/>\n<meta property=\"article:modified_time\" content=\"2024-11-08T16:07:59+00:00\" \/>\n<meta property=\"og:image\" content=\"https:\/\/genesishorsebreeding.com\/wp-content\/uploads\/2023\/08\/Genesis-horse-breeding-embryos-best-mare-in-the-world.jpg\" \/>\n\t<meta property=\"og:image:width\" content=\"1200\" \/>\n\t<meta property=\"og:image:height\" content=\"800\" \/>\n\t<meta property=\"og:image:type\" content=\"image\/jpeg\" \/>\n<meta name=\"twitter:card\" content=\"summary_large_image\" \/>\n<meta name=\"twitter:label1\" content=\"Dur\u00e9e de lecture estim\u00e9e\" \/>\n\t<meta name=\"twitter:data1\" content=\"1 minute\" \/>\n<script type=\"application\/ld+json\" class=\"yoast-schema-graph\">{\"@context\":\"https:\\\/\\\/schema.org\",\"@graph\":[{\"@type\":\"WebPage\",\"@id\":\"https:\\\/\\\/genesishorsebreeding.com\\\/blog\\\/\",\"url\":\"https:\\\/\\\/genesishorsebreeding.com\\\/blog\\\/\",\"name\":\"News | Genesis Horse Breeding\",\"isPartOf\":{\"@id\":\"https:\\\/\\\/genesishorsebreeding.com\\\/#website\"},\"datePublished\":\"2023-08-09T19:54:29+00:00\",\"dateModified\":\"2024-11-08T16:07:59+00:00\",\"breadcrumb\":{\"@id\":\"https:\\\/\\\/genesishorsebreeding.com\\\/blog\\\/#breadcrumb\"},\"inLanguage\":\"fr-FR\",\"potentialAction\":[{\"@type\":\"ReadAction\",\"target\":[\"https:\\\/\\\/genesishorsebreeding.com\\\/blog\\\/\"]}]},{\"@type\":\"BreadcrumbList\",\"@id\":\"https:\\\/\\\/genesishorsebreeding.com\\\/blog\\\/#breadcrumb\",\"itemListElement\":[{\"@type\":\"ListItem\",\"position\":1,\"name\":\"Accueil\",\"item\":\"https:\\\/\\\/genesishorsebreeding.com\\\/\"},{\"@type\":\"ListItem\",\"position\":2,\"name\":\"News\"}]},{\"@type\":\"WebSite\",\"@id\":\"https:\\\/\\\/genesishorsebreeding.com\\\/#website\",\"url\":\"https:\\\/\\\/genesishorsebreeding.com\\\/\",\"name\":\"Genesis Horse Breeding\",\"description\":\"A permanent catalog of implanted embryos out the best mares &amp; genetics in the world\",\"publisher\":{\"@id\":\"https:\\\/\\\/genesishorsebreeding.com\\\/#organization\"},\"potentialAction\":[{\"@type\":\"SearchAction\",\"target\":{\"@type\":\"EntryPoint\",\"urlTemplate\":\"https:\\\/\\\/genesishorsebreeding.com\\\/?s={search_term_string}\"},\"query-input\":{\"@type\":\"PropertyValueSpecification\",\"valueRequired\":true,\"valueName\":\"search_term_string\"}}],\"inLanguage\":\"fr-FR\"},{\"@type\":\"Organization\",\"@id\":\"https:\\\/\\\/genesishorsebreeding.com\\\/#organization\",\"name\":\"Genesis Horse Breeding\",\"url\":\"https:\\\/\\\/genesishorsebreeding.com\\\/\",\"logo\":{\"@type\":\"ImageObject\",\"inLanguage\":\"fr-FR\",\"@id\":\"https:\\\/\\\/genesishorsebreeding.com\\\/#\\\/schema\\\/logo\\\/image\\\/\",\"url\":\"https:\\\/\\\/genesishorsebreeding.com\\\/wp-content\\\/uploads\\\/2023\\\/08\\\/Genesis-Horse-Breeding-embryos-white-logo.png\",\"contentUrl\":\"https:\\\/\\\/genesishorsebreeding.com\\\/wp-content\\\/uploads\\\/2023\\\/08\\\/Genesis-Horse-Breeding-embryos-white-logo.png\",\"width\":807,\"height\":217,\"caption\":\"Genesis Horse Breeding\"},\"image\":{\"@id\":\"https:\\\/\\\/genesishorsebreeding.com\\\/#\\\/schema\\\/logo\\\/image\\\/\"},\"sameAs\":[\"https:\\\/\\\/www.facebook.com\\\/genesishorsebreeding\",\"https:\\\/\\\/www.instagram.com\\\/genesishorsebreeding\\\/\",\"https:\\\/\\\/www.linkedin.com\\\/company\\\/genesis-horse-breeding\"]}]}<\/script>\n<!-- \/ Yoast SEO plugin. -->","yoast_head_json":{"title":"News | Genesis Horse Breeding","robots":{"index":"index","follow":"follow","max-snippet":"max-snippet:-1","max-image-preview":"max-image-preview:large","max-video-preview":"max-video-preview:-1"},"canonical":"https:\/\/genesishorsebreeding.com\/fr\/blog\/","og_locale":"fr_FR","og_type":"article","og_title":"News | Genesis Horse Breeding","og_description":"Welcome to our blog section! Here, you will find the latest information, advice, and exciting news related to breeding and damlines.","og_url":"https:\/\/genesishorsebreeding.com\/fr\/blog\/","og_site_name":"Genesis Horse Breeding","article_publisher":"https:\/\/www.facebook.com\/genesishorsebreeding","article_modified_time":"2024-11-08T16:07:59+00:00","og_image":[{"width":1200,"height":800,"url":"https:\/\/genesishorsebreeding.com\/wp-content\/uploads\/2023\/08\/Genesis-horse-breeding-embryos-best-mare-in-the-world.jpg","type":"image\/jpeg"}],"twitter_card":"summary_large_image","twitter_misc":{"Dur\u00e9e de lecture estim\u00e9e":"1 minute"},"schema":{"@context":"https:\/\/schema.org","@graph":[{"@type":"WebPage","@id":"https:\/\/genesishorsebreeding.com\/blog\/","url":"https:\/\/genesishorsebreeding.com\/blog\/","name":"News | Genesis Horse Breeding","isPartOf":{"@id":"https:\/\/genesishorsebreeding.com\/#website"},"datePublished":"2023-08-09T19:54:29+00:00","dateModified":"2024-11-08T16:07:59+00:00","breadcrumb":{"@id":"https:\/\/genesishorsebreeding.com\/blog\/#breadcrumb"},"inLanguage":"fr-FR","potentialAction":[{"@type":"ReadAction","target":["https:\/\/genesishorsebreeding.com\/blog\/"]}]},{"@type":"BreadcrumbList","@id":"https:\/\/genesishorsebreeding.com\/blog\/#breadcrumb","itemListElement":[{"@type":"ListItem","position":1,"name":"Accueil","item":"https:\/\/genesishorsebreeding.com\/"},{"@type":"ListItem","position":2,"name":"News"}]},{"@type":"WebSite","@id":"https:\/\/genesishorsebreeding.com\/#website","url":"https:\/\/genesishorsebreeding.com\/","name":"Genesis Horse Breeding","description":"A permanent catalog of implanted embryos out the best mares &amp; genetics in the world","publisher":{"@id":"https:\/\/genesishorsebreeding.com\/#organization"},"potentialAction":[{"@type":"SearchAction","target":{"@type":"EntryPoint","urlTemplate":"https:\/\/genesishorsebreeding.com\/?s={search_term_string}"},"query-input":{"@type":"PropertyValueSpecification","valueRequired":true,"valueName":"search_term_string"}}],"inLanguage":"fr-FR"},{"@type":"Organization","@id":"https:\/\/genesishorsebreeding.com\/#organization","name":"Genesis Horse Breeding","url":"https:\/\/genesishorsebreeding.com\/","logo":{"@type":"ImageObject","inLanguage":"fr-FR","@id":"https:\/\/genesishorsebreeding.com\/#\/schema\/logo\/image\/","url":"https:\/\/genesishorsebreeding.com\/wp-content\/uploads\/2023\/08\/Genesis-Horse-Breeding-embryos-white-logo.png","contentUrl":"https:\/\/genesishorsebreeding.com\/wp-content\/uploads\/2023\/08\/Genesis-Horse-Breeding-embryos-white-logo.png","width":807,"height":217,"caption":"Genesis Horse Breeding"},"image":{"@id":"https:\/\/genesishorsebreeding.com\/#\/schema\/logo\/image\/"},"sameAs":["https:\/\/www.facebook.com\/genesishorsebreeding","https:\/\/www.instagram.com\/genesishorsebreeding\/","https:\/\/www.linkedin.com\/company\/genesis-horse-breeding"]}]}},"_links":{"self":[{"href":"https:\/\/genesishorsebreeding.com\/fr\/wp-json\/wp\/v2\/pages\/28","targetHints":{"allow":["GET"]}}],"collection":[{"href":"https:\/\/genesishorsebreeding.com\/fr\/wp-json\/wp\/v2\/pages"}],"about":[{"href":"https:\/\/genesishorsebreeding.com\/fr\/wp-json\/wp\/v2\/types\/page"}],"author":[{"embeddable":true,"href":"https:\/\/genesishorsebreeding.com\/fr\/wp-json\/wp\/v2\/users\/1"}],"replies":[{"embeddable":true,"href":"https:\/\/genesishorsebreeding.com\/fr\/wp-json\/wp\/v2\/comments?post=28"}],"version-history":[{"count":31,"href":"https:\/\/genesishorsebreeding.com\/fr\/wp-json\/wp\/v2\/pages\/28\/revisions"}],"predecessor-version":[{"id":3988,"href":"https:\/\/genesishorsebreeding.com\/fr\/wp-json\/wp\/v2\/pages\/28\/revisions\/3988"}],"wp:attachment":[{"href":"https:\/\/genesishorsebreeding.com\/fr\/wp-json\/wp\/v2\/media?parent=28"}],"curies":[{"name":"wp","href":"https:\/\/api.w.org\/{rel}","templated":true}]}}